{"id":4008,"date":"2021-02-16T01:31:49","date_gmt":"2021-02-16T00:31:49","guid":{"rendered":"https:\/\/ipmadvertising.wpengine.com\/packs\/"},"modified":"2025-01-16T17:58:12","modified_gmt":"2025-01-16T16:58:12","slug":"packs","status":"publish","type":"page","link":"https:\/\/ipmadvertising.be\/nl\/packs\/","title":{"rendered":"Packs"},"content":{"rendered":"<p>[et_pb_section fb_built=&#8221;1&#8243; module_class=&#8221;background-norepeat&#8221; _builder_version=&#8221;4.16&#8243; _module_preset=&#8221;default&#8221; background_color=&#8221;#ffffff&#8221; background_color_gradient_direction=&#8221;184deg&#8221; background_image=&#8221;https:\/\/ipmadvertising.be\/wp-content\/uploads\/2020\/09\/services-header.svg&#8221; background_size=&#8221;contain&#8221; background_position=&#8221;top_center&#8221; background_blend=&#8221;darken&#8221; custom_padding=&#8221;||32px|||&#8221; global_colors_info=&#8221;{}&#8221;][et_pb_row column_structure=&#8221;1_2,1_2&#8243; custom_padding_last_edited=&#8221;on|desktop&#8221; _builder_version=&#8221;4.16&#8243; _module_preset=&#8221;default&#8221; background_color=&#8221;#ffffff&#8221; custom_margin=&#8221;0px||0px||true|false&#8221; custom_padding=&#8221;0vw|0vw|0vw|0vw|false|true&#8221; custom_padding_tablet=&#8221;||3vw||false|true&#8221; custom_padding_phone=&#8221;||6vw||false|true&#8221; border_radii=&#8221;on|13px|13px|13px|13px&#8221; box_shadow_style=&#8221;preset1&#8243; box_shadow_color=&#8221;rgba(0,0,0,0.1)&#8221; global_colors_info=&#8221;{}&#8221;][et_pb_column type=&#8221;1_2&#8243; _builder_version=&#8221;4.16&#8243; _module_preset=&#8221;default&#8221; custom_padding=&#8221;0px||||false|false&#8221; global_colors_info=&#8221;{}&#8221;][et_pb_image src=&#8221;https:\/\/ipmadvertising.be\/wp-content\/uploads\/2023\/01\/page-pack1.jpg&#8221; title_text=&#8221;page-pack1&#8243; _builder_version=&#8221;4.16&#8243; _module_preset=&#8221;default&#8221; global_colors_info=&#8221;{}&#8221;][\/et_pb_image][\/et_pb_column][et_pb_column type=&#8221;1_2&#8243; _builder_version=&#8221;4.16&#8243; _module_preset=&#8221;default&#8221; custom_padding=&#8221;|3vw|||false|false&#8221; global_colors_info=&#8221;{}&#8221;][et_pb_text _builder_version=&#8221;4.16&#8243; _module_preset=&#8221;default&#8221; header_font=&#8221;Roboto|700|||||||&#8221; header_font_size=&#8221;32px&#8221; custom_margin=&#8221;2vw||10px||false|true&#8221; custom_margin_tablet=&#8221;|4vw||4vw|false|true&#8221; custom_margin_phone=&#8221;|4vw||4vw|false|true&#8221; custom_margin_last_edited=&#8221;on|tablet&#8221; header_font_size_tablet=&#8221;32px&#8221; header_font_size_phone=&#8221;29px&#8221; header_font_size_last_edited=&#8221;on|phone&#8221; global_colors_info=&#8221;{}&#8221;]<\/p>\n<h1>De packs<\/h1>\n<p>[\/et_pb_text][et_pb_text _builder_version=&#8221;4.16&#8243; _module_preset=&#8221;default&#8221; text_font=&#8221;Roboto|300|||||||&#8221; text_font_size=&#8221;17px&#8221; text_line_height=&#8221;1.6em&#8221; custom_padding=&#8221;|0vw||0vw|false|true&#8221; custom_padding_tablet=&#8221;|4vw||4vw|false|true&#8221; custom_padding_phone=&#8221;|4vw||4vw|false|true&#8221; custom_padding_last_edited=&#8221;on|tablet&#8221; global_colors_info=&#8221;{}&#8221;]<\/p>\n<p>Een doeltreffende en effici\u00ebnte communicatie valt of staat met meerdere mediacampagnes. Ontdek onze packs en verschillende toepassingen.<\/p>\n<p>[\/et_pb_text][\/et_pb_column][\/et_pb_row][\/et_pb_section][et_pb_section fb_built=&#8221;1&#8243; _builder_version=&#8221;4.16&#8243; _module_preset=&#8221;default&#8221; background_color=&#8221;#ffffff&#8221; custom_padding=&#8221;9px||26px|||&#8221; global_colors_info=&#8221;{}&#8221; locked=&#8221;off&#8221;][et_pb_row _builder_version=&#8221;4.16&#8243; _module_preset=&#8221;default&#8221; global_colors_info=&#8221;{}&#8221;][et_pb_column type=&#8221;4_4&#8243; _builder_version=&#8221;4.16&#8243; _module_preset=&#8221;default&#8221; global_colors_info=&#8221;{}&#8221;][et_pb_text _builder_version=&#8221;4.16&#8243; _module_preset=&#8221;9eed423b-0949-4589-a701-ab709f8f6ae0&#8243; text_font=&#8221;|300|||||||&#8221; text_text_color=&#8221;#3a3a3a&#8221; text_font_size=&#8221;16px&#8221; header_2_font_size=&#8221;30px&#8221; global_colors_info=&#8221;{}&#8221;]<\/p>\n<h2>Dossier<\/h2>\n<p>[\/et_pb_text][et_pb_toggle title=&#8221;Essentielle Focus&#8221; open_toggle_background_color=&#8221;#FFFFFF&#8221; closed_toggle_background_color=&#8221;#FFFFFF&#8221; icon_color=&#8221;#A5D060&#8243; open_icon_color=&#8221;#A5D060&#8243; _builder_version=&#8221;4.16&#8243; _module_preset=&#8221;default&#8221; border_radii=&#8221;on|7px|7px|7px|7px&#8221; border_width_all=&#8221;0px&#8221; box_shadow_style=&#8221;preset1&#8243; box_shadow_blur=&#8221;14px&#8221; box_shadow_color=&#8221;rgba(0,0,0,0.1)&#8221; global_colors_info=&#8221;{}&#8221;]<\/p>\n<p>&nbsp;<\/p>\n<p>&nbsp;<\/p>\n<table width=\"391\" height=\"365\">\n<tbody>\n<tr>\n<td style=\"width: 570.653px;\">\n<p>Brafa<\/p>\n<\/td>\n<td style=\"width: 468.458px;\">\n<p>25 janvier 2025<\/p>\n<\/td>\n<\/tr>\n<tr>\n<td style=\"width: 570.653px;\">\n<p>Tout pour la maison<\/p>\n<\/td>\n<td style=\"width: 468.458px;\">\n<p>22 f\u00e9vrier 2025<\/p>\n<\/td>\n<\/tr>\n<tr>\n<td style=\"width: 570.653px;\">\n<p>Accessoires &amp; Mode<\/p>\n<\/td>\n<td style=\"width: 468.458px;\">\n<p>29 mars 2025<\/p>\n<\/td>\n<\/tr>\n<tr>\n<td style=\"width: 570.653px;\">\n<p>Aywiers 1<\/p>\n<\/td>\n<td style=\"width: 468.458px;\">\n<p>26 avril 2025<\/p>\n<\/td>\n<\/tr>\n<tr>\n<td style=\"width: 570.653px;\">\n<p>Knokke\/C\u00f4te Belge<\/p>\n<\/td>\n<td style=\"width: 468.458px;\">\n<p>24 mai 2025<\/p>\n<\/td>\n<\/tr>\n<tr>\n<td style=\"width: 570.653px;\">\n<p>Knokke Le Zoute<\/p>\n<\/td>\n<td style=\"width: 468.458px;\">\n<p>9 ao\u00fbt 2025<\/p>\n<\/td>\n<\/tr>\n<tr>\n<td style=\"width: 570.653px;\">\n<p>Aywiers 2<\/p>\n<\/td>\n<td style=\"width: 468.458px;\">\n<p>27 septembre 2025<\/p>\n<\/td>\n<\/tr>\n<tr>\n<td style=\"width: 570.653px;\">\n<p>D\u00e9co &amp; Mode<\/p>\n<\/td>\n<td style=\"width: 468.458px;\">\n<p>25 octobre 2025<\/p>\n<\/td>\n<\/tr>\n<tr>\n<td style=\"width: 570.653px;\">\n<p>Nocturnes Du Sablon<\/p>\n<\/td>\n<td style=\"width: 468.458px;\">\n<p>22 novembre 2025<\/p>\n<\/td>\n<\/tr>\n<tr>\n<td style=\"width: 570.653px;\">\n<p>Focus Noel &amp; Luxe<\/p>\n<\/td>\n<td style=\"width: 468.458px;\">\n<p>1 d\u00e9cembre 2025<\/p>\n<\/td>\n<\/tr>\n<\/tbody>\n<\/table>\n<p>[\/et_pb_toggle][et_pb_toggle title=&#8221;Essentielle Vacances&#8221; open_toggle_background_color=&#8221;#FFFFFF&#8221; closed_toggle_background_color=&#8221;#FFFFFF&#8221; icon_color=&#8221;#A5D060&#8243; open_icon_color=&#8221;#A5D060&#8243; _builder_version=&#8221;4.16&#8243; _module_preset=&#8221;default&#8221; border_radii=&#8221;on|7px|7px|7px|7px&#8221; border_width_all=&#8221;0px&#8221; box_shadow_style=&#8221;preset1&#8243; box_shadow_blur=&#8221;14px&#8221; box_shadow_color=&#8221;rgba(0,0,0,0.1)&#8221; global_colors_info=&#8221;{}&#8221;]<\/p>\n<p>Calendrier des parutions:<\/p>\n<p>&nbsp;<\/p>\n<table width=\"402\">\n<tbody>\n<tr>\n<td width=\"236\">\n<p>Essentielle Vacances 1<\/p>\n<\/td>\n<td width=\"165\">\n<p>8 f\u00e9vrier 2025<\/p>\n<\/td>\n<\/tr>\n<tr>\n<td width=\"236\">\n<p>Essentielle Vacances 2<\/p>\n<\/td>\n<td width=\"165\">\n<p>17 mai 2025<\/p>\n<\/td>\n<\/tr>\n<tr>\n<td width=\"236\">\n<p>Essentielle Vacances 3<\/p>\n<\/td>\n<td width=\"165\">\n<p>11 octobre 2025<\/p>\n<\/td>\n<\/tr>\n<\/tbody>\n<\/table>\n<p>[\/et_pb_toggle][et_pb_toggle title=&#8221;Essentielle Seniors&#8221; open_toggle_background_color=&#8221;#FFFFFF&#8221; closed_toggle_background_color=&#8221;#FFFFFF&#8221; icon_color=&#8221;#A5D060&#8243; open_icon_color=&#8221;#A5D060&#8243; _builder_version=&#8221;4.16&#8243; _module_preset=&#8221;default&#8221; border_radii=&#8221;on|7px|7px|7px|7px&#8221; border_width_all=&#8221;0px&#8221; box_shadow_style=&#8221;preset1&#8243; box_shadow_blur=&#8221;14px&#8221; box_shadow_color=&#8221;rgba(0,0,0,0.1)&#8221; global_colors_info=&#8221;{}&#8221;]<\/p>\n<p>Calendrier des parutions:<\/p>\n<p>&nbsp;<\/p>\n<table width=\"402\">\n<tbody>\n<tr>\n<td width=\"236\">\n<p>Essentielle Seniors 1<\/p>\n<\/td>\n<td width=\"165\">\n<p>15 f\u00e9vrier 2025<\/p>\n<\/td>\n<\/tr>\n<tr>\n<td width=\"236\">\n<p>Essentielle Seniors 2<\/p>\n<\/td>\n<td width=\"165\">\n<p>12 avril 2025<\/p>\n<\/td>\n<\/tr>\n<tr>\n<td width=\"236\">\n<p>Essentielle Seniors 3<\/p>\n<\/td>\n<td width=\"165\">\n<p>21 juin 2025<\/p>\n<\/td>\n<\/tr>\n<tr>\n<td width=\"236\">\n<p>Essentielle Seniors 4\u00a0 \u00a0(journ\u00e9e mondiale pers \u00e2g\u00e9es)<\/p>\n<\/td>\n<td width=\"165\">\n<p>20 septembre 2025<\/p>\n<\/td>\n<\/tr>\n<tr>\n<td width=\"236\">\n<p>Essentielle Seniors 5<\/p>\n<\/td>\n<td width=\"165\">\n<p>15 novembre 2025<\/p>\n<\/td>\n<\/tr>\n<\/tbody>\n<\/table>\n<p>[\/et_pb_toggle][et_pb_toggle title=&#8221;Eco-Fin&#8221; open_toggle_background_color=&#8221;#FFFFFF&#8221; closed_toggle_background_color=&#8221;#FFFFFF&#8221; icon_color=&#8221;#A5D060&#8243; open_icon_color=&#8221;#A5D060&#8243; _builder_version=&#8221;4.16&#8243; _module_preset=&#8221;default&#8221; border_radii=&#8221;on|7px|7px|7px|7px&#8221; border_width_all=&#8221;0px&#8221; box_shadow_style=&#8221;preset1&#8243; box_shadow_blur=&#8221;14px&#8221; box_shadow_color=&#8221;rgba(0,0,0,0.1)&#8221; global_colors_info=&#8221;{}&#8221;]<\/p>\n<p>Calendrier des parutions:<\/p>\n<p>Private Banking\u00a0 \u00a0 \u00a0 \u00a0 \u00a0 \u00a0 \u00a0 \u00a0 \u00a0 \u00a0 \u00a0 \u00a0 \u00a0 \u00a0 \u00a0 \u00a0 \u00a0 \u00a0 \u00a0 \u00a0 \u00a0 \u00a0 \u00a0 \u00a09 avril 2025<br \/>Patrimoine &amp; Succession\u00a0 \u00a0 \u00a0 \u00a0 \u00a0 \u00a0 \u00a0 \u00a0 \u00a0 \u00a0 \u00a0 \u00a0 \u00a0 \u00a0 \u00a0 18 juin 2025<br \/>Wealth Management\u00a0 \u00a0 \u00a0 \u00a0 \u00a0 \u00a0 \u00a0 \u00a0 \u00a0 \u00a0 \u00a0 \u00a0 \u00a0 \u00a0 \u00a0 \u00a0 \u00a0 \u00a0 \u00a0 15 octobre 2025<br \/>Investissements-Epargne &amp; Patrimoine\u00a0 \u00a0 \u00a010 d\u00e9cembre 2025<\/p>\n<table width=\"461\">\n<tbody>\n<tr>\n<td width=\"171\"><\/td>\n<\/tr>\n<\/tbody>\n<\/table>\n<p>[\/et_pb_toggle][et_pb_toggle title=&#8221;Enseignement&#8221; open_toggle_background_color=&#8221;#FFFFFF&#8221; closed_toggle_background_color=&#8221;#FFFFFF&#8221; icon_color=&#8221;#A5D060&#8243; open_icon_color=&#8221;#A5D060&#8243; _builder_version=&#8221;4.16&#8243; _module_preset=&#8221;default&#8221; border_radii=&#8221;on|7px|7px|7px|7px&#8221; border_width_all=&#8221;0px&#8221; box_shadow_style=&#8221;preset1&#8243; box_shadow_blur=&#8221;14px&#8221; box_shadow_color=&#8221;rgba(0,0,0,0.1)&#8221; global_colors_info=&#8221;{}&#8221;]<\/p>\n<p>Calendrier des parutions:<\/p>\n<p>&nbsp;<\/p>\n<p>&nbsp;<\/p>\n<table width=\"366\">\n<tbody>\n<tr>\n<td width=\"201\">\n<p>Enseignement 1<\/p>\n<\/td>\n<td width=\"165\">\n<p>15 mars 2025<\/p>\n<\/td>\n<\/tr>\n<tr>\n<td width=\"201\">\n<p>Enseignement 2<\/p>\n<\/td>\n<td width=\"165\">\n<p>07 juin 2025<\/p>\n<\/td>\n<\/tr>\n<tr>\n<td width=\"201\">\n<p>Enseignement 3<\/p>\n<\/td>\n<td width=\"165\">\n<p>23 ao\u00fbt 2025<\/p>\n<\/td>\n<\/tr>\n<tr>\n<td width=\"201\">\n<p>3\u00e8me Cycle ( La libre )<\/p>\n<\/td>\n<td width=\"165\">\n<p>13 septembre 2025<\/p>\n<\/td>\n<\/tr>\n<\/tbody>\n<\/table>\n<p>[\/et_pb_toggle][\/et_pb_column][\/et_pb_row][et_pb_row _builder_version=&#8221;4.16&#8243; _module_preset=&#8221;default&#8221; global_colors_info=&#8221;{}&#8221;][et_pb_column type=&#8221;4_4&#8243; _builder_version=&#8221;4.16&#8243; _module_preset=&#8221;default&#8221; global_colors_info=&#8221;{}&#8221;][et_pb_toggle title=&#8221;Immo&#8221; open_toggle_background_color=&#8221;#FFFFFF&#8221; closed_toggle_background_color=&#8221;#FFFFFF&#8221; icon_color=&#8221;#A5D060&#8243; open_icon_color=&#8221;#A5D060&#8243; _builder_version=&#8221;4.16&#8243; _module_preset=&#8221;default&#8221; border_radii=&#8221;on|7px|7px|7px|7px&#8221; border_width_all=&#8221;0px&#8221; box_shadow_style=&#8221;preset1&#8243; box_shadow_blur=&#8221;14px&#8221; box_shadow_color=&#8221;rgba(0,0,0,0.1)&#8221; global_colors_info=&#8221;{}&#8221;]<\/p>\n<p>Calendrier des parutions:<\/p>\n<p><a href=\"https:\/\/ipmadvertising.be\/wp-content\/uploads\/2024\/12\/ESSENTIELLE-immo-ratecard-print-2025-.pdf\">Essentielle Immo<\/a>\u00a0<\/p>\n<p><a href=\"https:\/\/ipmadvertising.be\/wp-content\/uploads\/2025\/01\/libre-immo-ratecard-print-2025-derniere-version.pdf\">Libre Immo<\/a><\/p>\n<p>&nbsp;<\/p>\n<p>[\/et_pb_toggle][\/et_pb_column][\/et_pb_row][\/et_pb_section][et_pb_section fb_built=&#8221;1&#8243; _builder_version=&#8221;4.16&#8243; _module_preset=&#8221;default&#8221; background_color=&#8221;#ffffff&#8221; custom_padding=&#8221;9px||26px|||&#8221; global_colors_info=&#8221;{}&#8221;][et_pb_row _builder_version=&#8221;4.16&#8243; _module_preset=&#8221;default&#8221; global_colors_info=&#8221;{}&#8221;][et_pb_column type=&#8221;4_4&#8243; _builder_version=&#8221;4.16&#8243; _module_preset=&#8221;default&#8221; global_colors_info=&#8221;{}&#8221;][et_pb_text _builder_version=&#8221;4.16&#8243; _module_preset=&#8221;9eed423b-0949-4589-a701-ab709f8f6ae0&#8243; text_font=&#8221;|300|||||||&#8221; text_text_color=&#8221;#3a3a3a&#8221; text_font_size=&#8221;16px&#8221; header_2_font_size=&#8221;30px&#8221; global_colors_info=&#8221;{}&#8221;]<\/p>\n<h2>Ontdek onze mediapacks<\/h2>\n<p>Grootschalige zichtbaarheid tegen een super aantrekkelijke prijs.<\/p>\n<p>[\/et_pb_text][et_pb_blog fullwidth=&#8221;off&#8221; post_type=&#8221;pack&#8221; show_author=&#8221;off&#8221; show_date=&#8221;off&#8221; show_categories=&#8221;off&#8221; show_pagination=&#8221;off&#8221; _builder_version=&#8221;4.16&#8243; _module_preset=&#8221;default&#8221; header_level=&#8221;h3&#8243; header_font=&#8221;|700|||||||&#8221; header_font_size=&#8221;23px&#8221; body_font=&#8221;|300|||||||&#8221; body_text_color=&#8221;#3a3a3a&#8221; min_height=&#8221;550px&#8221; border_radii=&#8221;on|11px|11px|11px|11px&#8221; border_width_all=&#8221;0px&#8221; box_shadow_style=&#8221;preset1&#8243; box_shadow_color=&#8221;rgba(0,0,0,0.1)&#8221; global_colors_info=&#8221;{}&#8221;][\/et_pb_blog][\/et_pb_column][\/et_pb_row][\/et_pb_section][et_pb_section fb_built=&#8221;1&#8243; _builder_version=&#8221;4.16&#8243; _module_preset=&#8221;default&#8221; background_color=&#8221;#ffffff&#8221; custom_padding=&#8221;3px|||||&#8221; global_colors_info=&#8221;{}&#8221;][et_pb_row _builder_version=&#8221;4.16&#8243; _module_preset=&#8221;default&#8221; width=&#8221;auto&#8221; max_width=&#8221;none&#8221; global_colors_info=&#8221;{}&#8221;][et_pb_column type=&#8221;4_4&#8243; _builder_version=&#8221;4.16&#8243; _module_preset=&#8221;default&#8221; global_colors_info=&#8221;{}&#8221;][et_pb_text _builder_version=&#8221;4.16&#8243; _module_preset=&#8221;9eed423b-0949-4589-a701-ab709f8f6ae0&#8243; text_font=&#8221;|300|||||||&#8221; text_font_size=&#8221;16px&#8221; header_2_font_size=&#8221;30px&#8221; width=&#8221;80%&#8221; max_width=&#8221;1080px&#8221; custom_margin=&#8221;|auto||auto|false|false&#8221; global_colors_info=&#8221;{}&#8221;]<\/p>\n<h2>Wilt u uw zichtbaarheid vergroten?<\/h2>\n<p>Ons team staat klaar om u te helpen!<\/p>\n<p>[\/et_pb_text][dedb_custom_blog post_type=&#8221;equipe&#8221; customfield_equipe_fonction=&#8221;on&#8221; customfield_equipe_telephone=&#8221;on&#8221; customfield_equipe_email=&#8221;on&#8221; tax_pack_categorie=&#8221;off|off|off|off|off|off&#8221; tax_service_categorie=&#8221;off|off|off|off|off|off|off|off|off|off|off|off|off|off|off|off|on|off|off|off|off&#8221; show_filters=&#8221;off&#8221; posts_layout=&#8221;cards&#8221; cards_columns=&#8221;2&#8243; _builder_version=&#8221;4.16&#8243; _module_preset=&#8221;default&#8221; global_colors_info=&#8221;{}&#8221;][\/dedb_custom_blog][\/et_pb_column][\/et_pb_row][\/et_pb_section]<\/p>\n","protected":false},"excerpt":{"rendered":"<p>De packsEen doeltreffende en effici\u00ebnte communicatie valt of staat met meerdere mediacampagnes. Ontdek onze packs en verschillende toepassingen.Dossier&nbsp; &nbsp; Brafa 25 janvier 2025 Tout pour la maison 22 f\u00e9vrier 2025 Accessoires &amp; Mode 29 mars 2025 Aywiers 1 26 avril 2025 Knokke\/C\u00f4te Belge 24 mai 2025 Knokke Le Zoute 9 ao\u00fbt 2025 Aywiers 2 27 [&hellip;]<\/p>\n","protected":false},"author":1,"featured_media":0,"parent":0,"menu_order":0,"comment_status":"closed","ping_status":"closed","template":"","meta":{"_acf_changed":false,"_et_pb_use_builder":"on","_et_pb_old_content":"","_et_gb_content_width":"","inline_featured_image":false,"footnotes":""},"class_list":["post-4008","page","type-page","status-publish","hentry"],"acf":[],"yoast_head":"<!-- This site is optimized with the Yoast SEO plugin v27.2 - https:\/\/yoast.com\/product\/yoast-seo-wordpress\/ -->\n<title>Packs - IPM Advertising<\/title>\n<meta name=\"robots\" content=\"index, follow, max-snippet:-1, max-image-preview:large, max-video-preview:-1\" \/>\n<link rel=\"canonical\" href=\"https:\/\/ipmadvertising.be\/nl\/packs\/\" \/>\n<meta property=\"og:locale\" content=\"nl_NL\" \/>\n<meta property=\"og:type\" content=\"article\" \/>\n<meta property=\"og:title\" content=\"Packs - IPM Advertising\" \/>\n<meta property=\"og:description\" content=\"De packsEen doeltreffende en effici\u00ebnte communicatie valt of staat met meerdere mediacampagnes. Ontdek onze packs en verschillende toepassingen.Dossier&nbsp; &nbsp; Brafa 25 janvier 2025 Tout pour la maison 22 f\u00e9vrier 2025 Accessoires &amp; Mode 29 mars 2025 Aywiers 1 26 avril 2025 Knokke\/C\u00f4te Belge 24 mai 2025 Knokke Le Zoute 9 ao\u00fbt 2025 Aywiers 2 27 [&hellip;]\" \/>\n<meta property=\"og:url\" content=\"https:\/\/ipmadvertising.be\/nl\/packs\/\" \/>\n<meta property=\"og:site_name\" content=\"IPM Advertising\" \/>\n<meta property=\"article:modified_time\" content=\"2025-01-16T16:58:12+00:00\" \/>\n<meta name=\"twitter:card\" content=\"summary_large_image\" \/>\n<meta name=\"twitter:label1\" content=\"Geschatte leestijd\" \/>\n\t<meta name=\"twitter:data1\" content=\"6 minuten\" \/>\n<script type=\"application\/ld+json\" class=\"yoast-schema-graph\">{\"@context\":\"https:\/\/schema.org\",\"@graph\":[{\"@type\":\"WebPage\",\"@id\":\"https:\/\/ipmadvertising.be\/nl\/packs\/\",\"url\":\"https:\/\/ipmadvertising.be\/nl\/packs\/\",\"name\":\"Packs - IPM Advertising\",\"isPartOf\":{\"@id\":\"https:\/\/ipmadvertising.be\/nl\/#website\"},\"datePublished\":\"2021-02-16T00:31:49+00:00\",\"dateModified\":\"2025-01-16T16:58:12+00:00\",\"breadcrumb\":{\"@id\":\"https:\/\/ipmadvertising.be\/nl\/packs\/#breadcrumb\"},\"inLanguage\":\"nl-NL\",\"potentialAction\":[{\"@type\":\"ReadAction\",\"target\":[\"https:\/\/ipmadvertising.be\/nl\/packs\/\"]}]},{\"@type\":\"BreadcrumbList\",\"@id\":\"https:\/\/ipmadvertising.be\/nl\/packs\/#breadcrumb\",\"itemListElement\":[{\"@type\":\"ListItem\",\"position\":1,\"name\":\"Accueil\",\"item\":\"https:\/\/ipmadvertising.be\/nl\/\"},{\"@type\":\"ListItem\",\"position\":2,\"name\":\"Packs\"}]},{\"@type\":\"WebSite\",\"@id\":\"https:\/\/ipmadvertising.be\/nl\/#website\",\"url\":\"https:\/\/ipmadvertising.be\/nl\/\",\"name\":\"IPM Advertising\",\"description\":\"Media &amp; Marketing Factory\",\"potentialAction\":[{\"@type\":\"SearchAction\",\"target\":{\"@type\":\"EntryPoint\",\"urlTemplate\":\"https:\/\/ipmadvertising.be\/nl\/?s={search_term_string}\"},\"query-input\":{\"@type\":\"PropertyValueSpecification\",\"valueRequired\":true,\"valueName\":\"search_term_string\"}}],\"inLanguage\":\"nl-NL\"}]}<\/script>\n<!-- \/ Yoast SEO plugin. -->","yoast_head_json":{"title":"Packs - IPM Advertising","robots":{"index":"index","follow":"follow","max-snippet":"max-snippet:-1","max-image-preview":"max-image-preview:large","max-video-preview":"max-video-preview:-1"},"canonical":"https:\/\/ipmadvertising.be\/nl\/packs\/","og_locale":"nl_NL","og_type":"article","og_title":"Packs - IPM Advertising","og_description":"De packsEen doeltreffende en effici\u00ebnte communicatie valt of staat met meerdere mediacampagnes. Ontdek onze packs en verschillende toepassingen.Dossier&nbsp; &nbsp; Brafa 25 janvier 2025 Tout pour la maison 22 f\u00e9vrier 2025 Accessoires &amp; Mode 29 mars 2025 Aywiers 1 26 avril 2025 Knokke\/C\u00f4te Belge 24 mai 2025 Knokke Le Zoute 9 ao\u00fbt 2025 Aywiers 2 27 [&hellip;]","og_url":"https:\/\/ipmadvertising.be\/nl\/packs\/","og_site_name":"IPM Advertising","article_modified_time":"2025-01-16T16:58:12+00:00","twitter_card":"summary_large_image","twitter_misc":{"Geschatte leestijd":"6 minuten"},"schema":{"@context":"https:\/\/schema.org","@graph":[{"@type":"WebPage","@id":"https:\/\/ipmadvertising.be\/nl\/packs\/","url":"https:\/\/ipmadvertising.be\/nl\/packs\/","name":"Packs - IPM Advertising","isPartOf":{"@id":"https:\/\/ipmadvertising.be\/nl\/#website"},"datePublished":"2021-02-16T00:31:49+00:00","dateModified":"2025-01-16T16:58:12+00:00","breadcrumb":{"@id":"https:\/\/ipmadvertising.be\/nl\/packs\/#breadcrumb"},"inLanguage":"nl-NL","potentialAction":[{"@type":"ReadAction","target":["https:\/\/ipmadvertising.be\/nl\/packs\/"]}]},{"@type":"BreadcrumbList","@id":"https:\/\/ipmadvertising.be\/nl\/packs\/#breadcrumb","itemListElement":[{"@type":"ListItem","position":1,"name":"Accueil","item":"https:\/\/ipmadvertising.be\/nl\/"},{"@type":"ListItem","position":2,"name":"Packs"}]},{"@type":"WebSite","@id":"https:\/\/ipmadvertising.be\/nl\/#website","url":"https:\/\/ipmadvertising.be\/nl\/","name":"IPM Advertising","description":"Media &amp; Marketing Factory","potentialAction":[{"@type":"SearchAction","target":{"@type":"EntryPoint","urlTemplate":"https:\/\/ipmadvertising.be\/nl\/?s={search_term_string}"},"query-input":{"@type":"PropertyValueSpecification","valueRequired":true,"valueName":"search_term_string"}}],"inLanguage":"nl-NL"}]}},"_links":{"self":[{"href":"https:\/\/ipmadvertising.be\/nl\/wp-json\/wp\/v2\/pages\/4008","targetHints":{"allow":["GET"]}}],"collection":[{"href":"https:\/\/ipmadvertising.be\/nl\/wp-json\/wp\/v2\/pages"}],"about":[{"href":"https:\/\/ipmadvertising.be\/nl\/wp-json\/wp\/v2\/types\/page"}],"author":[{"embeddable":true,"href":"https:\/\/ipmadvertising.be\/nl\/wp-json\/wp\/v2\/users\/1"}],"replies":[{"embeddable":true,"href":"https:\/\/ipmadvertising.be\/nl\/wp-json\/wp\/v2\/comments?post=4008"}],"version-history":[{"count":0,"href":"https:\/\/ipmadvertising.be\/nl\/wp-json\/wp\/v2\/pages\/4008\/revisions"}],"wp:attachment":[{"href":"https:\/\/ipmadvertising.be\/nl\/wp-json\/wp\/v2\/media?parent=4008"}],"curies":[{"name":"wp","href":"https:\/\/api.w.org\/{rel}","templated":true}]}}