{"id":3298,"date":"2021-01-27T14:18:15","date_gmt":"2021-01-27T13:18:15","guid":{"rendered":"https:\/\/ipmadvertising.wpengine.com\/contact\/"},"modified":"2025-01-28T14:14:34","modified_gmt":"2025-01-28T13:14:34","slug":"contact","status":"publish","type":"page","link":"https:\/\/ipmadvertising.be\/nl\/contact\/","title":{"rendered":"Contact"},"content":{"rendered":"<p>[et_pb_section fb_built=&#8221;1&#8243; _builder_version=&#8221;4.16&#8243; _module_preset=&#8221;default&#8221; background_color=&#8221;#ffffff&#8221; global_colors_info=&#8221;{}&#8221;][et_pb_row column_structure=&#8221;1_2,1_2&#8243; use_custom_gutter=&#8221;on&#8221; gutter_width=&#8221;1&#8243; make_equal=&#8221;on&#8221; _builder_version=&#8221;4.16&#8243; _module_preset=&#8221;default&#8221; use_background_color_gradient_tablet=&#8221;off&#8221; use_background_color_gradient_phone=&#8221;off&#8221; background_color_gradient_direction_tablet=&#8221;180deg&#8221; background_color_gradient_stops_tablet=&#8221;#ffffff 62%|#7eb43c 100%&#8221; background_color_gradient_stops_phone=&#8221;#ffffff 59%|#7eb43c 59%&#8221; background_color_gradient_start_tablet=&#8221;#ffffff&#8221; background_color_gradient_start_position_tablet=&#8221;62%&#8221; background_color_gradient_start_position_phone=&#8221;59%&#8221; background_color_gradient_end_tablet=&#8221;#7eb43c&#8221; background_color_gradient_end_position_phone=&#8221;59%&#8221; global_colors_info=&#8221;{}&#8221; background__hover_enabled=&#8221;off|desktop&#8221;][et_pb_column type=&#8221;1_2&#8243; _builder_version=&#8221;4.16&#8243; _module_preset=&#8221;default&#8221; background_color=&#8221;#7EB43C&#8221; custom_padding=&#8221;5vh|50px|5vh||true|false&#8221; custom_padding_tablet=&#8221;4vh|0px|4vh||true|false&#8221; custom_padding_phone=&#8221;&#8221; custom_padding_last_edited=&#8221;on|phone&#8221; border_radii=&#8221;on|12px|12px|12px|12px&#8221; global_colors_info=&#8221;{}&#8221;][et_pb_text _builder_version=&#8221;4.16&#8243; _module_preset=&#8221;default&#8221; text_font=&#8221;Roboto|300|||||||&#8221; text_text_color=&#8221;#ffffff&#8221; text_font_size=&#8221;18px&#8221; header_font=&#8221;Roboto|900|||||||&#8221; header_text_color=&#8221;#ffffff&#8221; header_2_font=&#8221;Roboto|900|||||||&#8221; header_2_text_color=&#8221;#ffffff&#8221; text_orientation=&#8221;center&#8221; custom_margin=&#8221;|3vw||3vw|false|true&#8221; custom_padding=&#8221;0px|0px||0px|false|false&#8221; text_font_size_tablet=&#8221;16px&#8221; text_font_size_phone=&#8221;15px&#8221; text_font_size_last_edited=&#8221;on|phone&#8221; header_text_align_tablet=&#8221;center&#8221; header_text_align_phone=&#8221;&#8221; header_text_align_last_edited=&#8221;on|tablet&#8221; header_font_size_tablet=&#8221;26px&#8221; header_font_size_phone=&#8221;23px&#8221; header_font_size_last_edited=&#8221;on|tablet&#8221; global_colors_info=&#8221;{}&#8221;]<\/p>\n<h1>Contacteer ons!<\/h1>\n<p>Ons team zal u snel een antwoord geven.<\/p>\n<h2>IPM Advertising<\/h2>\n<p>Frankenstraat 79<br \/>1040 Brussels<br \/>Belgi\u00eb<br \/>BE0403508716<\/p>\n<p>Telefoon<br \/><strong>+32 (0)2 211 31 44<\/strong><\/p>\n<p>[\/et_pb_text][\/et_pb_column][et_pb_column type=&#8221;1_2&#8243; _builder_version=&#8221;4.16&#8243; _module_preset=&#8221;default&#8221; background_color=&#8221;#ffffff&#8221; custom_padding=&#8221;30px||30px||true|false&#8221; global_colors_info=&#8221;{}&#8221;][et_pb_blurb title=&#8221;Algemene vragen&#8221; image=&#8221;https:\/\/ipmadvertising.be\/wp-content\/uploads\/\/2020\/12\/Contact-chat.svg&#8221; icon_placement=&#8221;left&#8221; image_icon_width=&#8221;50px&#8221; _builder_version=&#8221;4.16&#8243; _module_preset=&#8221;default&#8221; header_level=&#8221;h3&#8243; header_font_size=&#8221;20px&#8221; body_line_height=&#8221;1em&#8221; background_color=&#8221;#ffffff&#8221; custom_margin=&#8221;20px||20px|-50px|true|false&#8221; custom_margin_tablet=&#8221;|||0px|true|false&#8221; custom_margin_phone=&#8221;&#8221; custom_margin_last_edited=&#8221;on|phone&#8221; custom_padding=&#8221;20px|20px|20px|20px|true|true&#8221; border_radii=&#8221;on|7px|7px|7px|7px&#8221; box_shadow_style=&#8221;preset1&#8243; box_shadow_color=&#8221;rgba(0,0,0,0.1)&#8221; image_max_width=&#8221;50px&#8221; global_colors_info=&#8221;{}&#8221;]<\/p>\n<p><a href=\"info@ipmadvertising.be\">info@ipmadvertising.be<\/a><\/p>\n<p>[\/et_pb_blurb][et_pb_blurb title=&#8221;Boekhouding&#8221; image=&#8221;https:\/\/ipmadvertising.be\/wp-content\/uploads\/\/2020\/12\/responsable-achat.svg&#8221; icon_placement=&#8221;left&#8221; image_icon_width=&#8221;50px&#8221; _builder_version=&#8221;4.16&#8243; _module_preset=&#8221;default&#8221; header_level=&#8221;h3&#8243; header_font_size=&#8221;20px&#8221; body_line_height=&#8221;1em&#8221; background_color=&#8221;#ffffff&#8221; custom_margin=&#8221;20px||20px|-50px|true|false&#8221; custom_margin_tablet=&#8221;|||0px|true|false&#8221; custom_margin_phone=&#8221;&#8221; custom_margin_last_edited=&#8221;on|phone&#8221; custom_padding=&#8221;20px|20px|20px|20px|true|true&#8221; border_radii=&#8221;on|7px|7px|7px|7px&#8221; box_shadow_style=&#8221;preset1&#8243; box_shadow_color=&#8221;rgba(0,0,0,0.1)&#8221; image_max_width=&#8221;50px&#8221; global_colors_info=&#8221;{}&#8221;]<\/p>\n<p><a href=\"compta.finance@saipm.com\">compta.finance@saipm.com<\/a><\/p>\n<p>[\/et_pb_blurb][et_pb_blurb title=&#8221;Abonnement op La Libre of DH\/Les Sports+&#8221; image=&#8221;https:\/\/ipmadvertising.be\/wp-content\/uploads\/\/2020\/12\/lecteurs-print-digi.svg&#8221; icon_placement=&#8221;left&#8221; image_icon_width=&#8221;50px&#8221; _builder_version=&#8221;4.16&#8243; _module_preset=&#8221;default&#8221; header_level=&#8221;h3&#8243; header_font_size=&#8221;20px&#8221; body_line_height=&#8221;1em&#8221; background_color=&#8221;#ffffff&#8221; custom_margin=&#8221;20px||20px|-50px|true|false&#8221; custom_margin_tablet=&#8221;|||0px|true|false&#8221; custom_margin_phone=&#8221;&#8221; custom_margin_last_edited=&#8221;on|phone&#8221; custom_padding=&#8221;20px|20px|20px|20px|true|true&#8221; border_radii=&#8221;on|7px|7px|7px|7px&#8221; box_shadow_style=&#8221;preset1&#8243; box_shadow_color=&#8221;rgba(0,0,0,0.1)&#8221; image_max_width=&#8221;50px&#8221; global_colors_info=&#8221;{}&#8221;]<a href=\"contact@ipmgroup.be\">contact@ipmgroup.be<\/a>[\/et_pb_blurb][et_pb_blurb title=&#8221;Verzenden van reclamemateriaal&#8221; image=&#8221;https:\/\/ipmadvertising.be\/wp-content\/uploads\/2020\/12\/Header_Service.svg&#8221; icon_placement=&#8221;left&#8221; image_icon_width=&#8221;50px&#8221; _builder_version=&#8221;4.16&#8243; _module_preset=&#8221;default&#8221; header_level=&#8221;h3&#8243; header_font_size=&#8221;20px&#8221; body_line_height=&#8221;1em&#8221; background_color=&#8221;#ffffff&#8221; custom_margin=&#8221;20px||20px|-50px|true|false&#8221; custom_margin_tablet=&#8221;|||0px|true|false&#8221; custom_margin_phone=&#8221;&#8221; custom_margin_last_edited=&#8221;on|phone&#8221; custom_padding=&#8221;20px|20px|20px|20px|true|true&#8221; border_radii=&#8221;on|7px|7px|7px|7px&#8221; box_shadow_style=&#8221;preset1&#8243; box_shadow_color=&#8221;rgba(0,0,0,0.1)&#8221; image_max_width=&#8221;50px&#8221; global_colors_info=&#8221;{}&#8221;]<\/p>\n<p><a href=\"materielpub@ipmgroup.be\">materielpub@ipmgroup.be<\/a><\/p>\n<p>[\/et_pb_blurb][et_pb_blurb title=&#8221;R\u00e9gie des m\u00e9dias r\u00e9gionaux.be&#8221; image=&#8221;https:\/\/ipmadvertising.be\/wp-content\/uploads\/\/2020\/07\/Cre\u0301ation-Deformattage-1.svg&#8221; icon_placement=&#8221;left&#8221; image_icon_width=&#8221;50px&#8221; _builder_version=&#8221;4.16&#8243; _module_preset=&#8221;default&#8221; header_level=&#8221;h3&#8243; header_font_size=&#8221;20px&#8221; body_line_height=&#8221;1em&#8221; background_color=&#8221;#ffffff&#8221; custom_margin=&#8221;20px||20px|-50px|true|false&#8221; custom_margin_tablet=&#8221;|||0px|true|false&#8221; custom_margin_phone=&#8221;&#8221; custom_margin_last_edited=&#8221;on|phone&#8221; custom_padding=&#8221;20px|20px|20px|20px|true|true&#8221; border_radii=&#8221;on|7px|7px|7px|7px&#8221; box_shadow_style=&#8221;preset1&#8243; box_shadow_color=&#8221;rgba(0,0,0,0.1)&#8221; image_max_width=&#8221;50px&#8221; global_colors_info=&#8221;{}&#8221;]<\/p>\n<p>+32 (0)8 123 62 74 or <a href=\"sales.support@lavenir.net\">sales.support@lavenir.net<\/a><\/p>\n<p>[\/et_pb_blurb][\/et_pb_column][\/et_pb_row][\/et_pb_section]<\/p>\n","protected":false},"excerpt":{"rendered":"<p>Contacteer ons! Ons team zal u snel een antwoord geven. IPM Advertising Frankenstraat 791040 BrusselsBelgi\u00ebBE0403508716 Telefoon+32 (0)2 211 31 44info@ipmadvertising.becompta.finance@saipm.comcontact@ipmgroup.bematerielpub@ipmgroup.be+32 (0)8 123 62 74 or sales.support@lavenir.net<\/p>\n","protected":false},"author":1,"featured_media":0,"parent":0,"menu_order":0,"comment_status":"closed","ping_status":"closed","template":"","meta":{"_acf_changed":false,"_et_pb_use_builder":"on","_et_pb_old_content":"","_et_gb_content_width":"","inline_featured_image":false,"footnotes":""},"class_list":["post-3298","page","type-page","status-publish","hentry"],"acf":[],"yoast_head":"<!-- This site is optimized with the Yoast SEO plugin v27.2 - https:\/\/yoast.com\/product\/yoast-seo-wordpress\/ -->\n<title>Contact - IPM Advertising<\/title>\n<meta name=\"robots\" content=\"index, follow, max-snippet:-1, max-image-preview:large, max-video-preview:-1\" \/>\n<link rel=\"canonical\" href=\"https:\/\/ipmadvertising.be\/nl\/contact\/\" \/>\n<meta property=\"og:locale\" content=\"nl_NL\" \/>\n<meta property=\"og:type\" content=\"article\" \/>\n<meta property=\"og:title\" content=\"Contact - IPM Advertising\" \/>\n<meta property=\"og:description\" content=\"Contacteer ons! Ons team zal u snel een antwoord geven. IPM Advertising Frankenstraat 791040 BrusselsBelgi\u00ebBE0403508716 Telefoon+32 (0)2 211 31 44info@ipmadvertising.becompta.finance@saipm.comcontact@ipmgroup.bematerielpub@ipmgroup.be+32 (0)8 123 62 74 or sales.support@lavenir.net\" \/>\n<meta property=\"og:url\" content=\"https:\/\/ipmadvertising.be\/nl\/contact\/\" \/>\n<meta property=\"og:site_name\" content=\"IPM Advertising\" \/>\n<meta property=\"article:modified_time\" content=\"2025-01-28T13:14:34+00:00\" \/>\n<meta name=\"twitter:card\" content=\"summary_large_image\" \/>\n<meta name=\"twitter:label1\" content=\"Geschatte leestijd\" \/>\n\t<meta name=\"twitter:data1\" content=\"4 minuten\" \/>\n<script type=\"application\/ld+json\" class=\"yoast-schema-graph\">{\"@context\":\"https:\/\/schema.org\",\"@graph\":[{\"@type\":\"WebPage\",\"@id\":\"https:\/\/ipmadvertising.be\/nl\/contact\/\",\"url\":\"https:\/\/ipmadvertising.be\/nl\/contact\/\",\"name\":\"Contact - IPM Advertising\",\"isPartOf\":{\"@id\":\"https:\/\/ipmadvertising.be\/nl\/#website\"},\"datePublished\":\"2021-01-27T13:18:15+00:00\",\"dateModified\":\"2025-01-28T13:14:34+00:00\",\"breadcrumb\":{\"@id\":\"https:\/\/ipmadvertising.be\/nl\/contact\/#breadcrumb\"},\"inLanguage\":\"nl-NL\",\"potentialAction\":[{\"@type\":\"ReadAction\",\"target\":[\"https:\/\/ipmadvertising.be\/nl\/contact\/\"]}]},{\"@type\":\"BreadcrumbList\",\"@id\":\"https:\/\/ipmadvertising.be\/nl\/contact\/#breadcrumb\",\"itemListElement\":[{\"@type\":\"ListItem\",\"position\":1,\"name\":\"Accueil\",\"item\":\"https:\/\/ipmadvertising.be\/nl\/\"},{\"@type\":\"ListItem\",\"position\":2,\"name\":\"Contact\"}]},{\"@type\":\"WebSite\",\"@id\":\"https:\/\/ipmadvertising.be\/nl\/#website\",\"url\":\"https:\/\/ipmadvertising.be\/nl\/\",\"name\":\"IPM Advertising\",\"description\":\"Media &amp; Marketing Factory\",\"potentialAction\":[{\"@type\":\"SearchAction\",\"target\":{\"@type\":\"EntryPoint\",\"urlTemplate\":\"https:\/\/ipmadvertising.be\/nl\/?s={search_term_string}\"},\"query-input\":{\"@type\":\"PropertyValueSpecification\",\"valueRequired\":true,\"valueName\":\"search_term_string\"}}],\"inLanguage\":\"nl-NL\"}]}<\/script>\n<!-- \/ Yoast SEO plugin. -->","yoast_head_json":{"title":"Contact - IPM Advertising","robots":{"index":"index","follow":"follow","max-snippet":"max-snippet:-1","max-image-preview":"max-image-preview:large","max-video-preview":"max-video-preview:-1"},"canonical":"https:\/\/ipmadvertising.be\/nl\/contact\/","og_locale":"nl_NL","og_type":"article","og_title":"Contact - IPM Advertising","og_description":"Contacteer ons! Ons team zal u snel een antwoord geven. IPM Advertising Frankenstraat 791040 BrusselsBelgi\u00ebBE0403508716 Telefoon+32 (0)2 211 31 44info@ipmadvertising.becompta.finance@saipm.comcontact@ipmgroup.bematerielpub@ipmgroup.be+32 (0)8 123 62 74 or sales.support@lavenir.net","og_url":"https:\/\/ipmadvertising.be\/nl\/contact\/","og_site_name":"IPM Advertising","article_modified_time":"2025-01-28T13:14:34+00:00","twitter_card":"summary_large_image","twitter_misc":{"Geschatte leestijd":"4 minuten"},"schema":{"@context":"https:\/\/schema.org","@graph":[{"@type":"WebPage","@id":"https:\/\/ipmadvertising.be\/nl\/contact\/","url":"https:\/\/ipmadvertising.be\/nl\/contact\/","name":"Contact - IPM Advertising","isPartOf":{"@id":"https:\/\/ipmadvertising.be\/nl\/#website"},"datePublished":"2021-01-27T13:18:15+00:00","dateModified":"2025-01-28T13:14:34+00:00","breadcrumb":{"@id":"https:\/\/ipmadvertising.be\/nl\/contact\/#breadcrumb"},"inLanguage":"nl-NL","potentialAction":[{"@type":"ReadAction","target":["https:\/\/ipmadvertising.be\/nl\/contact\/"]}]},{"@type":"BreadcrumbList","@id":"https:\/\/ipmadvertising.be\/nl\/contact\/#breadcrumb","itemListElement":[{"@type":"ListItem","position":1,"name":"Accueil","item":"https:\/\/ipmadvertising.be\/nl\/"},{"@type":"ListItem","position":2,"name":"Contact"}]},{"@type":"WebSite","@id":"https:\/\/ipmadvertising.be\/nl\/#website","url":"https:\/\/ipmadvertising.be\/nl\/","name":"IPM Advertising","description":"Media &amp; Marketing Factory","potentialAction":[{"@type":"SearchAction","target":{"@type":"EntryPoint","urlTemplate":"https:\/\/ipmadvertising.be\/nl\/?s={search_term_string}"},"query-input":{"@type":"PropertyValueSpecification","valueRequired":true,"valueName":"search_term_string"}}],"inLanguage":"nl-NL"}]}},"_links":{"self":[{"href":"https:\/\/ipmadvertising.be\/nl\/wp-json\/wp\/v2\/pages\/3298","targetHints":{"allow":["GET"]}}],"collection":[{"href":"https:\/\/ipmadvertising.be\/nl\/wp-json\/wp\/v2\/pages"}],"about":[{"href":"https:\/\/ipmadvertising.be\/nl\/wp-json\/wp\/v2\/types\/page"}],"author":[{"embeddable":true,"href":"https:\/\/ipmadvertising.be\/nl\/wp-json\/wp\/v2\/users\/1"}],"replies":[{"embeddable":true,"href":"https:\/\/ipmadvertising.be\/nl\/wp-json\/wp\/v2\/comments?post=3298"}],"version-history":[{"count":0,"href":"https:\/\/ipmadvertising.be\/nl\/wp-json\/wp\/v2\/pages\/3298\/revisions"}],"wp:attachment":[{"href":"https:\/\/ipmadvertising.be\/nl\/wp-json\/wp\/v2\/media?parent=3298"}],"curies":[{"name":"wp","href":"https:\/\/api.w.org\/{rel}","templated":true}]}}