{"id":3295,"date":"2021-01-27T14:17:49","date_gmt":"2021-01-27T13:17:49","guid":{"rendered":"https:\/\/ipmadvertising.wpengine.com\/over\/"},"modified":"2024-04-22T17:42:52","modified_gmt":"2024-04-22T15:42:52","slug":"over","status":"publish","type":"page","link":"https:\/\/ipmadvertising.be\/nl\/over\/","title":{"rendered":"Over ons"},"content":{"rendered":"<p>[et_pb_section fb_built=&#8221;1&#8243; module_class=&#8221;background-norepeat&#8221; _builder_version=&#8221;4.6.5&#8243; _module_preset=&#8221;default&#8221; background_color=&#8221;#ffffff&#8221; background_color_gradient_direction=&#8221;184deg&#8221; background_image=&#8221;https:\/\/ipmadvertising.be\/wp-content\/uploads\/2020\/09\/services-header.svg&#8221; background_size=&#8221;contain&#8221; background_position=&#8221;top_center&#8221; background_blend=&#8221;darken&#8221; custom_padding=&#8221;||32px|||&#8221;][et_pb_row column_structure=&#8221;1_2,1_2&#8243; _builder_version=&#8221;4.7.6&#8243; _module_preset=&#8221;default&#8221; background_color=&#8221;#ffffff&#8221; custom_margin=&#8221;0px||0px||true|false&#8221; custom_padding=&#8221;0vw|0vw|0vw|0vw|false|true&#8221; border_radii=&#8221;on|13px|13px|13px|13px&#8221; box_shadow_style=&#8221;preset1&#8243; box_shadow_color=&#8221;rgba(0,0,0,0.1)&#8221;][et_pb_column type=&#8221;1_2&#8243; _builder_version=&#8221;4.6.5&#8243; _module_preset=&#8221;default&#8221; custom_padding=&#8221;0px||||false|false&#8221;][et_pb_image src=&#8221;https:\/\/ipmadvertising.be\/wp-content\/uploads\/2020\/12\/A-propos.jpg&#8221; title_text=&#8221;Over&#8221; _builder_version=&#8221;4.6.5&#8243; _module_preset=&#8221;default&#8221;][\/et_pb_image][\/et_pb_column][et_pb_column type=&#8221;1_2&#8243; _builder_version=&#8221;4.6.5&#8243; _module_preset=&#8221;default&#8221; custom_padding=&#8221;|3vw|||false|false&#8221;][et_pb_text _builder_version=&#8221;4.6.5&#8243; _dynamic_attributes=&#8221;content&#8221; _module_preset=&#8221;default&#8221; header_font=&#8221;Roboto|700|||||||&#8221; header_font_size=&#8221;36px&#8221; custom_margin=&#8221;2vw||10px||false|true&#8221; custom_margin_tablet=&#8221;|4vw||4vw|false|true&#8221; custom_margin_phone=&#8221;|4vw||4vw|false|true&#8221; custom_margin_last_edited=&#8221;on|tablet&#8221; header_font_size_tablet=&#8221;32px&#8221; header_font_size_phone=&#8221;29px&#8221; header_font_size_last_edited=&#8221;on|phone&#8221;]@ET-DC@eyJkeW5hbWljIjp0cnVlLCJjb250ZW50IjoicG9zdF90aXRsZSIsInNldHRpbmdzIjp7ImJlZm9yZSI6IjxoMT5cdTAwYTA8L2gxPiIsImFmdGVyIjoiPC9oMT4ifX0=@[\/et_pb_text][et_pb_text _builder_version=&#8221;4.9.0&#8243; _module_preset=&#8221;default&#8221; text_font=&#8221;Roboto|300|||||||&#8221; text_font_size=&#8221;16px&#8221; custom_padding=&#8221;|0vw||0vw|false|true&#8221; custom_padding_tablet=&#8221;|4vw||4vw|false|true&#8221; custom_padding_phone=&#8221;|4vw||4vw|false|true&#8221; custom_padding_last_edited=&#8221;on|tablet&#8221;]<\/p>\n<p>IPM Group, opgericht in 1991, is uw pers &amp; digitale partner in Franstalig Belgi\u00eb. Het bedrijf is gevestigd in het hart van het Convergence House in Etterbeek en beheert de dagbladen La Libre, La DH en L&#8217;Avenir, DH Radio, de tijdschriften Paris Match Belgium, Moustique, LN24, FUN Radio,T\u00e9l\u00e9 Pocket, Courrier International, Jde.be en hun websites.<\/p>\n<p>[\/et_pb_text][et_pb_image src=&#8221;@ET-DC@eyJkeW5hbWljIjp0cnVlLCJjb250ZW50IjoicG9zdF9mZWF0dXJlZF9pbWFnZSIsInNldHRpbmdzIjp7fX0=@&#8221; align=&#8221;center&#8221; _builder_version=&#8221;4.5.8&#8243; _dynamic_attributes=&#8221;src&#8221; _module_preset=&#8221;default&#8221; width=&#8221;80%&#8221;][\/et_pb_image][\/et_pb_column][\/et_pb_row][et_pb_row column_structure=&#8221;1_3,2_3&#8243; custom_padding_last_edited=&#8221;on|phone&#8221; _builder_version=&#8221;4.7.6&#8243; _module_preset=&#8221;default&#8221; background_color=&#8221;#ffffff&#8221; custom_margin=&#8221;50px||||false|false&#8221; custom_margin_tablet=&#8221;&#8221; custom_margin_phone=&#8221;||||true|false&#8221; custom_margin_last_edited=&#8221;on|phone&#8221; custom_padding=&#8221;3vw|3vw|3vw||true|false&#8221; custom_padding_tablet=&#8221;&#8221; custom_padding_phone=&#8221;8vw||8vw||true|false&#8221; border_radii=&#8221;on|10px|10px|10px|10px&#8221; box_shadow_style=&#8221;preset1&#8243; box_shadow_color=&#8221;rgba(0,0,0,0.11)&#8221;][et_pb_column type=&#8221;1_3&#8243; _builder_version=&#8221;4.6.5&#8243; _module_preset=&#8221;default&#8221;][et_pb_text _builder_version=&#8221;4.7.6&#8243; _module_preset=&#8221;default&#8221; text_font=&#8221;Roboto|900|||||||&#8221; text_text_color=&#8221;#7eb43c&#8221; text_font_size=&#8221;39px&#8221; text_line_height=&#8221;1em&#8221; custom_margin=&#8221;||-3px|4vw|false|false&#8221; text_font_size_tablet=&#8221;&#8221; text_font_size_phone=&#8221;32px&#8221; text_font_size_last_edited=&#8221;on|phone&#8221;]<\/p>\n<p>Wie zijn we?<\/p>\n<p>[\/et_pb_text][\/et_pb_column][et_pb_column type=&#8221;2_3&#8243; _builder_version=&#8221;4.6.5&#8243; _module_preset=&#8221;default&#8221;][et_pb_text _builder_version=&#8221;4.7.6&#8243; _module_preset=&#8221;default&#8221; text_font=&#8221;Roboto|300|||||||&#8221; text_text_color=&#8221;#3a3a3a&#8221; text_font_size=&#8221;16px&#8221; header_font=&#8221;Roboto|700|||||||&#8221; header_font_size=&#8221;36px&#8221; custom_margin=&#8221;0vw||10px||false|true&#8221; custom_margin_tablet=&#8221;|4vw||4vw|false|true&#8221; custom_margin_phone=&#8221;|4vw||4vw|false|true&#8221; custom_margin_last_edited=&#8221;on|tablet&#8221; header_font_size_tablet=&#8221;32px&#8221; header_font_size_phone=&#8221;29px&#8221; header_font_size_last_edited=&#8221;on|phone&#8221;]<\/p>\n<p>Oorspronkelijk is IPM Group het verhaal van twee kranten die meer dan honderd jaar oud zijn, La Libre Belgique en La DH. Merken die vandaag de dag toonaangevend zijn op het gebied van technologische innovatie!<\/p>\n<p>Het is een bedrijf dat de mensen die er werken in staat stelt om hun creativiteit en al hun talenten te ontwikkelen.<\/p>\n<p>Informatie is essentieel in een democratisch systeem. Om burgers in staat te stellen zichzelf de juiste vragen te stellen is het belangrijk dat ze toegang hebben tot de feiten zoals ze zijn.<\/p>\n<p>Naast een zakelijke onderneming is IPM Group een onderneming van algemeen belang. Dat zit in haar bloed en ze hecht er veel waarde aan.<\/p>\n<p>IPM Group beheerst alle essenti\u00eble technologie\u00ebn die worden gebruikt op het gebied van informatie en marketing, maar ook in nieuwe bedrijven die voortkomen uit technologische transformatie. Om deze innovatie te kunnen uitvoeren is IPM Group vandaag de dag een plaats geworden waar de gekste projecten ontstaan en worden uitgevoerd dankzij de vrouwen en mannen die deel uitmaken van dit bedrijf.<\/p>\n<p>Begin januari 2021 heeft IPM-groep zijn persactiviteiten verder ontwikkeld door de overname van Les Editons de L&#8217; Avenir, het weekblad Le Journal des Enfants, de tijdschriften Moustique en T\u00e9l\u00e9 Pocket, alsook hun reclameactiviteiten en verwanten.<\/p>\n<p>IPM Group is opgericht door de familie Hodey en wordt vandaag de dag geleid door CEO Fran\u00e7ois le Hodey.<\/p>\n<p>IPM Advertising is het verkoopapparaat van dit mediageori\u00ebnteerde bedrijf. IPM Advertising is meer dan een reclamebureau, het is een echte Media &amp; Marketing Factory.<\/p>\n<p>[\/et_pb_text][et_pb_image src=&#8221;https:\/\/ipmadvertising.be\/wp-content\/uploads\/2020\/10\/Franc\u0327ois-le-Hodey.jpg&#8221; title_text=&#8221;Franc\u0327ois le Hodey&#8221; _builder_version=&#8221;4.7.6&#8243; _module_preset=&#8221;default&#8221;][\/et_pb_image][\/et_pb_column][\/et_pb_row][et_pb_row column_structure=&#8221;1_3,2_3&#8243; custom_padding_last_edited=&#8221;on|phone&#8221; _builder_version=&#8221;4.7.6&#8243; _module_preset=&#8221;default&#8221; background_color=&#8221;#ffffff&#8221; custom_margin=&#8221;50px||||false|false&#8221; custom_margin_tablet=&#8221;&#8221; custom_margin_phone=&#8221;||||true|false&#8221; custom_margin_last_edited=&#8221;on|phone&#8221; custom_padding=&#8221;3vw|3vw|3vw||true|false&#8221; custom_padding_tablet=&#8221;&#8221; custom_padding_phone=&#8221;8vw||8vw||true|false&#8221; border_radii=&#8221;on|10px|10px|10px|10px&#8221; box_shadow_style=&#8221;preset1&#8243; box_shadow_color=&#8221;rgba(0,0,0,0.11)&#8221;][et_pb_column type=&#8221;1_3&#8243; _builder_version=&#8221;4.6.5&#8243; _module_preset=&#8221;default&#8221;][et_pb_text _builder_version=&#8221;4.7.6&#8243; _module_preset=&#8221;default&#8221; text_font=&#8221;Roboto|900|||||||&#8221; text_text_color=&#8221;#7eb43c&#8221; text_font_size=&#8221;39px&#8221; text_line_height=&#8221;1em&#8221; custom_margin=&#8221;||-3px|4vw|false|false&#8221; text_font_size_tablet=&#8221;&#8221; text_font_size_phone=&#8221;32px&#8221; text_font_size_last_edited=&#8221;on|phone&#8221;]<\/p>\n<p>Een krachtig media-aanbod<\/p>\n<p>[\/et_pb_text][\/et_pb_column][et_pb_column type=&#8221;2_3&#8243; _builder_version=&#8221;4.6.5&#8243; _module_preset=&#8221;default&#8221;][et_pb_text _builder_version=&#8221;4.9.0&#8243; _module_preset=&#8221;default&#8221; text_font=&#8221;Roboto|300|||||||&#8221; text_text_color=&#8221;#3a3a3a&#8221; text_font_size=&#8221;16px&#8221; link_font=&#8221;||||on||||&#8221; header_font=&#8221;Roboto|700|||||||&#8221; header_font_size=&#8221;36px&#8221; custom_margin=&#8221;0vw||10px||false|true&#8221; custom_margin_tablet=&#8221;|4vw||4vw|false|true&#8221; custom_margin_phone=&#8221;|4vw||4vw|false|true&#8221; custom_margin_last_edited=&#8221;on|tablet&#8221; header_font_size_tablet=&#8221;32px&#8221; header_font_size_phone=&#8221;29px&#8221; header_font_size_last_edited=&#8221;on|phone&#8221;]<\/p>\n<p>IPM Group (Soci\u00e9t\u00e9 Anonyme d&#8217;Informations &amp; de Productions Multim\u00e9dia) is een van de twee belangrijkste spelers op de Franstalige Belgische markt op het gebied van pers en internet.<br \/>Het bedrijf heeft de dagelijkse persactiviteiten volledig ge\u00efntegreerd, met inbegrip van drukwerk, tijdschriften, het internet, mobiele media en radio.<br \/>De belangrijkste media zijn:<\/p>\n<ul>\n<li>Het &#8220;quality paper&#8221;-universum met het merk La Libre Belgique<\/li>\n<li>De website <a href=\"https:\/\/www.lalibre.be\" target=\"_blank\" rel=\"noopener noreferrer\">LaLibre.be<\/a>, smartphone- en tabletapplicaties<\/li>\n<li>Het &#8220;sportieve&#8221; universum met het merk La Derni\u00e8re Heure\/Les Sports +<\/li>\n<li>De website <a href=\"https:\/\/www.dh.be\" target=\"_blank\" rel=\"noopener noreferrer\">DH.be<\/a>, smartphone- en tabletapplicaties<\/li>\n<li>Het regionale dagblad l&#8217;Avenir<\/li>\n<li>De website <a href=\"http:\/\/lavenir.net\">Lavenir.net<\/a>,\u00a0<\/li>\n<li>Wat betreft de tijdschriften is er de Belgische editie van Paris Match<\/li>\n<li>Het online magazine om het &#8220;people&#8221;-nieuws te volgen met <a href=\"https:\/\/www.parismatch.be\" target=\"_blank\" rel=\"noopener noreferrer\">Parismatch.be<\/a><\/li>\n<li>Het universum van het actualiteitentijdschrift met Moustique<\/li>\n<li>De website <a href=\"http:\/\/moustique.be\">Moustique.be<\/a><\/li>\n<li>De kinderkrant met jde.be<\/li>\n<li>Het zakformaat magazine over al het TV nieuws met T\u00e9l\u00e9 Pocket<\/li>\n<li>Courrier International, in samenwerking met de Franse groep <a href=\"https:\/\/www.lemonde.fr\" target=\"_blank\" rel=\"noopener noreferrer\">Le Monde<\/a><\/li>\n<li>Voor de radio is er het DH Radio broadcast-netwerk (news &amp; pop rock)<\/li>\n<li>De bioscoopwebsite <a href=\"https:\/\/www.cinebel.be\" target=\"_blank\" rel=\"noopener noreferrer\">Cinebel.be<\/a><\/li>\n<li>LN24<\/li>\n<li>FUN Radio<\/li>\n<\/ul>\n<p>[\/et_pb_text][\/et_pb_column][\/et_pb_row][\/et_pb_section]<\/p>\n","protected":false},"excerpt":{"rendered":"<p>IPM Group, opgericht in 1991, is uw pers &amp; digitale partner in Franstalig Belgi\u00eb. Het bedrijf is gevestigd in het hart van het Convergence House in Etterbeek en beheert de dagbladen La Libre, La DH en L&#8217;Avenir, DH Radio, de tijdschriften Paris Match Belgium, Moustique, LN24, FUN Radio,T\u00e9l\u00e9 Pocket, Courrier International, Jde.be en hun websites.Wie [&hellip;]<\/p>\n","protected":false},"author":1,"featured_media":0,"parent":0,"menu_order":0,"comment_status":"closed","ping_status":"closed","template":"","meta":{"_acf_changed":false,"_et_pb_use_builder":"on","_et_pb_old_content":"","_et_gb_content_width":"","inline_featured_image":false,"footnotes":""},"class_list":["post-3295","page","type-page","status-publish","hentry"],"acf":[],"yoast_head":"<!-- This site is optimized with the Yoast SEO plugin v27.2 - https:\/\/yoast.com\/product\/yoast-seo-wordpress\/ -->\n<title>Over ons - IPM Advertising<\/title>\n<meta name=\"robots\" content=\"index, follow, max-snippet:-1, max-image-preview:large, max-video-preview:-1\" \/>\n<link rel=\"canonical\" href=\"https:\/\/ipmadvertising.be\/nl\/over\/\" \/>\n<meta property=\"og:locale\" content=\"nl_NL\" \/>\n<meta property=\"og:type\" content=\"article\" \/>\n<meta property=\"og:title\" content=\"Over ons - IPM Advertising\" \/>\n<meta property=\"og:description\" content=\"IPM Group, opgericht in 1991, is uw pers &amp; digitale partner in Franstalig Belgi\u00eb. Het bedrijf is gevestigd in het hart van het Convergence House in Etterbeek en beheert de dagbladen La Libre, La DH en L&#039;Avenir, DH Radio, de tijdschriften Paris Match Belgium, Moustique, LN24, FUN Radio,T\u00e9l\u00e9 Pocket, Courrier International, Jde.be en hun websites.Wie [&hellip;]\" \/>\n<meta property=\"og:url\" content=\"https:\/\/ipmadvertising.be\/nl\/over\/\" \/>\n<meta property=\"og:site_name\" content=\"IPM Advertising\" \/>\n<meta property=\"article:modified_time\" content=\"2024-04-22T15:42:52+00:00\" \/>\n<meta name=\"twitter:card\" content=\"summary_large_image\" \/>\n<meta name=\"twitter:label1\" content=\"Geschatte leestijd\" \/>\n\t<meta name=\"twitter:data1\" content=\"6 minuten\" \/>\n<script type=\"application\/ld+json\" class=\"yoast-schema-graph\">{\"@context\":\"https:\/\/schema.org\",\"@graph\":[{\"@type\":\"WebPage\",\"@id\":\"https:\/\/ipmadvertising.be\/nl\/over\/\",\"url\":\"https:\/\/ipmadvertising.be\/nl\/over\/\",\"name\":\"Over ons - IPM Advertising\",\"isPartOf\":{\"@id\":\"https:\/\/ipmadvertising.be\/nl\/#website\"},\"datePublished\":\"2021-01-27T13:17:49+00:00\",\"dateModified\":\"2024-04-22T15:42:52+00:00\",\"breadcrumb\":{\"@id\":\"https:\/\/ipmadvertising.be\/nl\/over\/#breadcrumb\"},\"inLanguage\":\"nl-NL\",\"potentialAction\":[{\"@type\":\"ReadAction\",\"target\":[\"https:\/\/ipmadvertising.be\/nl\/over\/\"]}]},{\"@type\":\"BreadcrumbList\",\"@id\":\"https:\/\/ipmadvertising.be\/nl\/over\/#breadcrumb\",\"itemListElement\":[{\"@type\":\"ListItem\",\"position\":1,\"name\":\"Accueil\",\"item\":\"https:\/\/ipmadvertising.be\/nl\/\"},{\"@type\":\"ListItem\",\"position\":2,\"name\":\"Over ons\"}]},{\"@type\":\"WebSite\",\"@id\":\"https:\/\/ipmadvertising.be\/nl\/#website\",\"url\":\"https:\/\/ipmadvertising.be\/nl\/\",\"name\":\"IPM Advertising\",\"description\":\"Media &amp; Marketing Factory\",\"potentialAction\":[{\"@type\":\"SearchAction\",\"target\":{\"@type\":\"EntryPoint\",\"urlTemplate\":\"https:\/\/ipmadvertising.be\/nl\/?s={search_term_string}\"},\"query-input\":{\"@type\":\"PropertyValueSpecification\",\"valueRequired\":true,\"valueName\":\"search_term_string\"}}],\"inLanguage\":\"nl-NL\"}]}<\/script>\n<!-- \/ Yoast SEO plugin. -->","yoast_head_json":{"title":"Over ons - IPM Advertising","robots":{"index":"index","follow":"follow","max-snippet":"max-snippet:-1","max-image-preview":"max-image-preview:large","max-video-preview":"max-video-preview:-1"},"canonical":"https:\/\/ipmadvertising.be\/nl\/over\/","og_locale":"nl_NL","og_type":"article","og_title":"Over ons - IPM Advertising","og_description":"IPM Group, opgericht in 1991, is uw pers &amp; digitale partner in Franstalig Belgi\u00eb. Het bedrijf is gevestigd in het hart van het Convergence House in Etterbeek en beheert de dagbladen La Libre, La DH en L'Avenir, DH Radio, de tijdschriften Paris Match Belgium, Moustique, LN24, FUN Radio,T\u00e9l\u00e9 Pocket, Courrier International, Jde.be en hun websites.Wie [&hellip;]","og_url":"https:\/\/ipmadvertising.be\/nl\/over\/","og_site_name":"IPM Advertising","article_modified_time":"2024-04-22T15:42:52+00:00","twitter_card":"summary_large_image","twitter_misc":{"Geschatte leestijd":"6 minuten"},"schema":{"@context":"https:\/\/schema.org","@graph":[{"@type":"WebPage","@id":"https:\/\/ipmadvertising.be\/nl\/over\/","url":"https:\/\/ipmadvertising.be\/nl\/over\/","name":"Over ons - IPM Advertising","isPartOf":{"@id":"https:\/\/ipmadvertising.be\/nl\/#website"},"datePublished":"2021-01-27T13:17:49+00:00","dateModified":"2024-04-22T15:42:52+00:00","breadcrumb":{"@id":"https:\/\/ipmadvertising.be\/nl\/over\/#breadcrumb"},"inLanguage":"nl-NL","potentialAction":[{"@type":"ReadAction","target":["https:\/\/ipmadvertising.be\/nl\/over\/"]}]},{"@type":"BreadcrumbList","@id":"https:\/\/ipmadvertising.be\/nl\/over\/#breadcrumb","itemListElement":[{"@type":"ListItem","position":1,"name":"Accueil","item":"https:\/\/ipmadvertising.be\/nl\/"},{"@type":"ListItem","position":2,"name":"Over ons"}]},{"@type":"WebSite","@id":"https:\/\/ipmadvertising.be\/nl\/#website","url":"https:\/\/ipmadvertising.be\/nl\/","name":"IPM Advertising","description":"Media &amp; Marketing Factory","potentialAction":[{"@type":"SearchAction","target":{"@type":"EntryPoint","urlTemplate":"https:\/\/ipmadvertising.be\/nl\/?s={search_term_string}"},"query-input":{"@type":"PropertyValueSpecification","valueRequired":true,"valueName":"search_term_string"}}],"inLanguage":"nl-NL"}]}},"_links":{"self":[{"href":"https:\/\/ipmadvertising.be\/nl\/wp-json\/wp\/v2\/pages\/3295","targetHints":{"allow":["GET"]}}],"collection":[{"href":"https:\/\/ipmadvertising.be\/nl\/wp-json\/wp\/v2\/pages"}],"about":[{"href":"https:\/\/ipmadvertising.be\/nl\/wp-json\/wp\/v2\/types\/page"}],"author":[{"embeddable":true,"href":"https:\/\/ipmadvertising.be\/nl\/wp-json\/wp\/v2\/users\/1"}],"replies":[{"embeddable":true,"href":"https:\/\/ipmadvertising.be\/nl\/wp-json\/wp\/v2\/comments?post=3295"}],"version-history":[{"count":0,"href":"https:\/\/ipmadvertising.be\/nl\/wp-json\/wp\/v2\/pages\/3295\/revisions"}],"wp:attachment":[{"href":"https:\/\/ipmadvertising.be\/nl\/wp-json\/wp\/v2\/media?parent=3295"}],"curies":[{"name":"wp","href":"https:\/\/api.w.org\/{rel}","templated":true}]}}